{"id":670,"date":"2020-03-10T17:36:07","date_gmt":"2020-03-10T17:36:07","guid":{"rendered":"https:\/\/www.activalia.es\/home\/activuser\/wordpress\/?page_id=670"},"modified":"2020-03-10T17:43:33","modified_gmt":"2020-03-10T17:43:33","slug":"politica-de-privacidad","status":"publish","type":"page","link":"https:\/\/www.activalia.es\/home\/activuser\/wordpress\/politica-de-privacidad\/","title":{"rendered":"Pol\u00edtica de Privacidad"},"content":{"rendered":"<p>La direcci\u00f3n de nuestra p\u00e1gina web es: \u00a0<strong>https:\/\/www.activalia.es<\/strong><\/p>\n<p><strong>Qu\u00e9 datos personales recogemos y por que<\/p>\n<p>Comentarios<\/strong><\/p>\n<p style=\"text-align: justify;\">Cuando los visitantes dejan comentarios en el sitio, recopilamos los datos que se muestran en el formulario de comentarios, y tambi\u00e9n la direcci\u00f3n IP del visitante y la cadena del agente de usuario del navegador para ayudar a la detecci\u00f3n de spam.<\/p>\n<p><strong>Im\u00e1genes y v\u00eddeos<\/strong><\/p>\n<p style=\"text-align: justify;\">Si cargas im\u00e1genes en el sitio web, debes evitar cargar im\u00e1genes con datos de ubicaci\u00f3n incrustados (GPS EXIF) incluidos. Los visitantes del sitio web pueden descargar y extraer los datos de ubicaci\u00f3n de las im\u00e1genes en el sitio web.<\/p>\n<p><strong>Formulario de contacto<\/p>\n<p>Cookies<\/strong><\/p>\n<p style=\"text-align: justify;\">Si dejas un comentario en nuestro sitio, puede optar por guardar tu nombre, direcci\u00f3n de correo electr\u00f3nico y sitio web en cookies. Estos son para su conveniencia para que no tenga que completar sus datos nuevamente cuando deje otro comentario. Estas cookies durar\u00e1n un a\u00f1o.<\/p>\n<p style=\"text-align: justify;\">Si visitas nuestra p\u00e1gina de inicio de sesi\u00f3n, estableceremos una cookie temporal para determinar si tu navegador acepta cookies. Esta cookie no contiene datos personales y se descarta cuando cierras tu navegador.<\/p>\n<p style=\"text-align: justify;\">Cuando inicies sesi\u00f3n, tambi\u00e9n configuraremos varias cookies para guardar tu informaci\u00f3n de inicio de sesi\u00f3n y tus opciones de visualizaci\u00f3n en pantalla. Las cookies de inicio de sesi\u00f3n duran dos d\u00edas y las cookies de opciones de pantalla duran un a\u00f1o. Si seleccionas \u00abRecordarme\u00bb, tu inicio de sesi\u00f3n persistir\u00e1 durante dos semanas. Si cierras sesi\u00f3n en tu cuenta, se eliminar\u00e1n las cookies de inicio de sesi\u00f3n.<\/p>\n<p style=\"text-align: justify;\">Si editas o publicas un art\u00edculo, se guardar\u00e1 una cookie adicional en tu navegador. Esta cookie no incluye datos personales y simplemente indica el ID de publicaci\u00f3n del art\u00edculo que acabas de editar. Caduca despu\u00e9s de 1 d\u00eda.<\/p>\n<p><strong>Contenido incrustado de otros sitios web<\/strong><\/p>\n<p style=\"text-align: justify;\">Los art\u00edculos en este sitio pueden incluir contenido incrustado (por ejemplo, videos, im\u00e1genes, art\u00edculos, etc.). El contenido incrustado de otros sitios web se comporta exactamente de la misma manera que si el visitante hubiera visitado el otro sitio web.<\/p>\n<p style=\"text-align: justify;\">Estos sitios web pueden recopilar datos sobre ti, usar cookies, incrustar seguimiento adicional de terceros y monitorizar tu interacci\u00f3n con ese contenido incrustado, incluido el seguimiento de tu interacci\u00f3n con el contenido incrustado si tienes una cuenta y has iniciado sesi\u00f3n en ese sitio web.<\/p>\n<p style=\"text-align: justify;\"><strong>Estad\u00edsticas<\/strong><\/p>\n<p><strong>Con qui\u00e9n compartimos tus datos<\/strong><\/p>\n<p><strong>Cu\u00e1nto tiempo conservamos tus datos<\/strong><\/p>\n<p style=\"text-align: justify;\">Si dejas un comentario, el comentario y sus metadatos se retienen indefinidamente. Esto es para que podamos reconocer y aprobar los comentarios de seguimiento autom\u00e1ticamente en lugar de mantenerlos en una cola de moderaci\u00f3n.<\/p>\n<p style=\"text-align: justify;\">Para los usuarios que se registran en nuestro sitio web (si corresponde), tambi\u00e9n almacenamos la informaci\u00f3n personal que proporcionan en su perfil de usuario. Todos los usuarios pueden ver, editar o eliminar su informaci\u00f3n personal en cualquier momento (excepto que no pueden cambiar su nombre de usuario). Los administradores del sitio web tambi\u00e9n pueden ver y editar esa informaci\u00f3n.<\/p>\n<p style=\"text-align: justify;\"><strong>Qu\u00e9 derechos tienes sobre tus datos<\/strong><\/p>\n<p style=\"text-align: justify;\">Si tiene una cuenta en este sitio o ha dejado comentarios, puede solicitar recibir un archivo exportado de los datos personales que tenemos sobre ti, incluidos los datos que nos hayas proporcionado. Tambi\u00e9n puedes solicitar que borremos cualquier informaci\u00f3n personal que tengamos sobre ti. Esto no incluye ning\u00fan dato que estemos obligados a conservar con fines administrativos, legales o de seguridad.<\/p>\n<p><strong>Donde enviamos tus datos<\/strong><\/p>\n<p style=\"text-align: justify;\">Los comentarios de los visitantes pueden verificarse a trav\u00e9s de un servicio automatizado de detecci\u00f3n de spam.<\/p>\n","protected":false},"excerpt":{"rendered":"<p>La direcci\u00f3n de nuestra p\u00e1gina web es: \u00a0https:\/\/www.activalia.es Qu\u00e9 datos personales recogemos y por que Comentarios Cuando los visitantes dejan comentarios en el sitio, recopilamos los datos que se muestran en el formulario de comentarios, y tambi\u00e9n la direcci\u00f3n IP del visitante y la cadena del agente de usuario del navegador para ayudar a la &hellip; <\/p>\n<p class=\"link-more\"><a href=\"https:\/\/www.activalia.es\/home\/activuser\/wordpress\/politica-de-privacidad\/\" class=\"more-link\">Continuar leyendo<span class=\"screen-reader-text\"> \u00abPol\u00edtica de Privacidad\u00bb<\/span><\/a><\/p>\n","protected":false},"author":1,"featured_media":0,"parent":0,"menu_order":0,"comment_status":"closed","ping_status":"closed","template":"","meta":{"jetpack_post_was_ever_published":false,"footnotes":""},"yoast_head":"<!-- This site is optimized with the Yoast SEO plugin v21.4 - https:\/\/yoast.com\/wordpress\/plugins\/seo\/ -->\n<title>Pol\u00edtica de Privacidad - ACTIVALIA<\/title>\n<meta name=\"robots\" content=\"index, follow, max-snippet:-1, max-image-preview:large, max-video-preview:-1\" \/>\n<link rel=\"canonical\" href=\"https:\/\/www.activalia.es\/home\/activuser\/wordpress\/politica-de-privacidad\/\" \/>\n<meta property=\"og:locale\" content=\"es_ES\" \/>\n<meta property=\"og:type\" content=\"article\" \/>\n<meta property=\"og:title\" content=\"Pol\u00edtica de Privacidad - ACTIVALIA\" \/>\n<meta property=\"og:description\" content=\"La direcci\u00f3n de nuestra p\u00e1gina web es: \u00a0https:\/\/www.activalia.es Qu\u00e9 datos personales recogemos y por que Comentarios Cuando los visitantes dejan comentarios en el sitio, recopilamos los datos que se muestran en el formulario de comentarios, y tambi\u00e9n la direcci\u00f3n IP del visitante y la cadena del agente de usuario del navegador para ayudar a la &hellip; Continuar leyendo &quot;Pol\u00edtica de Privacidad&quot;\" \/>\n<meta property=\"og:url\" content=\"https:\/\/www.activalia.es\/home\/activuser\/wordpress\/politica-de-privacidad\/\" \/>\n<meta property=\"og:site_name\" content=\"ACTIVALIA\" \/>\n<meta property=\"article:modified_time\" content=\"2020-03-10T17:43:33+00:00\" \/>\n<meta name=\"twitter:card\" content=\"summary_large_image\" \/>\n<meta name=\"twitter:label1\" content=\"Tiempo de lectura\" \/>\n\t<meta name=\"twitter:data1\" content=\"3 minutos\" \/>\n<script type=\"application\/ld+json\" class=\"yoast-schema-graph\">{\"@context\":\"https:\/\/schema.org\",\"@graph\":[{\"@type\":\"WebPage\",\"@id\":\"https:\/\/www.activalia.es\/home\/activuser\/wordpress\/politica-de-privacidad\/\",\"url\":\"https:\/\/www.activalia.es\/home\/activuser\/wordpress\/politica-de-privacidad\/\",\"name\":\"Pol\u00edtica de Privacidad - ACTIVALIA\",\"isPartOf\":{\"@id\":\"https:\/\/www.activalia.es\/home\/activuser\/wordpress\/#website\"},\"datePublished\":\"2020-03-10T17:36:07+00:00\",\"dateModified\":\"2020-03-10T17:43:33+00:00\",\"breadcrumb\":{\"@id\":\"https:\/\/www.activalia.es\/home\/activuser\/wordpress\/politica-de-privacidad\/#breadcrumb\"},\"inLanguage\":\"es\",\"potentialAction\":[{\"@type\":\"ReadAction\",\"target\":[\"https:\/\/www.activalia.es\/home\/activuser\/wordpress\/politica-de-privacidad\/\"]}]},{\"@type\":\"BreadcrumbList\",\"@id\":\"https:\/\/www.activalia.es\/home\/activuser\/wordpress\/politica-de-privacidad\/#breadcrumb\",\"itemListElement\":[{\"@type\":\"ListItem\",\"position\":1,\"name\":\"Portada\",\"item\":\"https:\/\/www.activalia.es\/home\/activuser\/wordpress\/\"},{\"@type\":\"ListItem\",\"position\":2,\"name\":\"Pol\u00edtica de Privacidad\"}]},{\"@type\":\"WebSite\",\"@id\":\"https:\/\/www.activalia.es\/home\/activuser\/wordpress\/#website\",\"url\":\"https:\/\/www.activalia.es\/home\/activuser\/wordpress\/\",\"name\":\"ACTIVALIA\",\"description\":\"Sitio web de Activalia Sistemas de Informaci\u00f3n\",\"potentialAction\":[{\"@type\":\"SearchAction\",\"target\":{\"@type\":\"EntryPoint\",\"urlTemplate\":\"https:\/\/www.activalia.es\/home\/activuser\/wordpress\/?s={search_term_string}\"},\"query-input\":\"required name=search_term_string\"}],\"inLanguage\":\"es\"}]}<\/script>\n<!-- \/ Yoast SEO plugin. -->","yoast_head_json":{"title":"Pol\u00edtica de Privacidad - ACTIVALIA","robots":{"index":"index","follow":"follow","max-snippet":"max-snippet:-1","max-image-preview":"max-image-preview:large","max-video-preview":"max-video-preview:-1"},"canonical":"https:\/\/www.activalia.es\/home\/activuser\/wordpress\/politica-de-privacidad\/","og_locale":"es_ES","og_type":"article","og_title":"Pol\u00edtica de Privacidad - ACTIVALIA","og_description":"La direcci\u00f3n de nuestra p\u00e1gina web es: \u00a0https:\/\/www.activalia.es Qu\u00e9 datos personales recogemos y por que Comentarios Cuando los visitantes dejan comentarios en el sitio, recopilamos los datos que se muestran en el formulario de comentarios, y tambi\u00e9n la direcci\u00f3n IP del visitante y la cadena del agente de usuario del navegador para ayudar a la &hellip; Continuar leyendo \"Pol\u00edtica de Privacidad\"","og_url":"https:\/\/www.activalia.es\/home\/activuser\/wordpress\/politica-de-privacidad\/","og_site_name":"ACTIVALIA","article_modified_time":"2020-03-10T17:43:33+00:00","twitter_card":"summary_large_image","twitter_misc":{"Tiempo de lectura":"3 minutos"},"schema":{"@context":"https:\/\/schema.org","@graph":[{"@type":"WebPage","@id":"https:\/\/www.activalia.es\/home\/activuser\/wordpress\/politica-de-privacidad\/","url":"https:\/\/www.activalia.es\/home\/activuser\/wordpress\/politica-de-privacidad\/","name":"Pol\u00edtica de Privacidad - ACTIVALIA","isPartOf":{"@id":"https:\/\/www.activalia.es\/home\/activuser\/wordpress\/#website"},"datePublished":"2020-03-10T17:36:07+00:00","dateModified":"2020-03-10T17:43:33+00:00","breadcrumb":{"@id":"https:\/\/www.activalia.es\/home\/activuser\/wordpress\/politica-de-privacidad\/#breadcrumb"},"inLanguage":"es","potentialAction":[{"@type":"ReadAction","target":["https:\/\/www.activalia.es\/home\/activuser\/wordpress\/politica-de-privacidad\/"]}]},{"@type":"BreadcrumbList","@id":"https:\/\/www.activalia.es\/home\/activuser\/wordpress\/politica-de-privacidad\/#breadcrumb","itemListElement":[{"@type":"ListItem","position":1,"name":"Portada","item":"https:\/\/www.activalia.es\/home\/activuser\/wordpress\/"},{"@type":"ListItem","position":2,"name":"Pol\u00edtica de Privacidad"}]},{"@type":"WebSite","@id":"https:\/\/www.activalia.es\/home\/activuser\/wordpress\/#website","url":"https:\/\/www.activalia.es\/home\/activuser\/wordpress\/","name":"ACTIVALIA","description":"Sitio web de Activalia Sistemas de Informaci\u00f3n","potentialAction":[{"@type":"SearchAction","target":{"@type":"EntryPoint","urlTemplate":"https:\/\/www.activalia.es\/home\/activuser\/wordpress\/?s={search_term_string}"},"query-input":"required name=search_term_string"}],"inLanguage":"es"}]}},"jetpack_sharing_enabled":true,"jetpack_shortlink":"https:\/\/wp.me\/P7QtL8-aO","_links":{"self":[{"href":"https:\/\/www.activalia.es\/home\/activuser\/wordpress\/wp-json\/wp\/v2\/pages\/670"}],"collection":[{"href":"https:\/\/www.activalia.es\/home\/activuser\/wordpress\/wp-json\/wp\/v2\/pages"}],"about":[{"href":"https:\/\/www.activalia.es\/home\/activuser\/wordpress\/wp-json\/wp\/v2\/types\/page"}],"author":[{"embeddable":true,"href":"https:\/\/www.activalia.es\/home\/activuser\/wordpress\/wp-json\/wp\/v2\/users\/1"}],"replies":[{"embeddable":true,"href":"https:\/\/www.activalia.es\/home\/activuser\/wordpress\/wp-json\/wp\/v2\/comments?post=670"}],"version-history":[{"count":5,"href":"https:\/\/www.activalia.es\/home\/activuser\/wordpress\/wp-json\/wp\/v2\/pages\/670\/revisions"}],"predecessor-version":[{"id":677,"href":"https:\/\/www.activalia.es\/home\/activuser\/wordpress\/wp-json\/wp\/v2\/pages\/670\/revisions\/677"}],"wp:attachment":[{"href":"https:\/\/www.activalia.es\/home\/activuser\/wordpress\/wp-json\/wp\/v2\/media?parent=670"}],"curies":[{"name":"wp","href":"https:\/\/api.w.org\/{rel}","templated":true}]}}