{"id":616,"date":"2020-03-10T15:18:06","date_gmt":"2020-03-10T15:18:06","guid":{"rendered":"https:\/\/www.activalia.es\/home\/activuser\/wordpress\/?page_id=616"},"modified":"2020-03-17T08:51:27","modified_gmt":"2020-03-17T08:51:27","slug":"monitorizacion-de-office-365","status":"publish","type":"page","link":"https:\/\/www.activalia.es\/home\/activuser\/wordpress\/monitorizacion-de-office-365\/","title":{"rendered":"GSX  Gizmo"},"content":{"rendered":"<h4 style=\"text-align: justify;\"><b><span style=\"font-size: 20px;\">Aportando valor a todo el equipo de Office 365 y las l\u00edneas de negocio<\/span><\/p>\n<p><\/b><b><br \/>\nOffice 365 conlleva desaf\u00edos financieros y operativos<\/p>\n<p>\n<\/b><\/h4>\n<p style=\"text-align: center;\"><span style=\"font-size: 20px;\"><b> 90%<\/b><\/span><\/p>\n<p style=\"text-align: center;\">de los problemas de rendimiento a los que se enfrentan las empresas con Office 365 son causados por su propia infraestructura y red<\/p>\n<p style=\"text-align: center;\"><span style=\"font-size: 20px;\"><b> 16%<\/b><\/span><\/p>\n<p style=\"text-align: center;\">de los usuarios finales abren tickets de TI cuando una aplicaci\u00f3n es lenta<\/p>\n<p><a href=\"https:\/\/i0.wp.com\/www.activalia.es\/home\/activuser\/wordpress\/wp-content\/uploads\/2020\/03\/cercle-run.png?ssl=1\"><img data-attachment-id=\"617\" data-permalink=\"https:\/\/www.activalia.es\/home\/activuser\/wordpress\/monitorizacion-de-office-365\/attachment\/cercle-run\/\" data-orig-file=\"https:\/\/i0.wp.com\/www.activalia.es\/home\/activuser\/wordpress\/wp-content\/uploads\/2020\/03\/cercle-run.png?fit=768%2C667&amp;ssl=1\" data-orig-size=\"768,667\" data-comments-opened=\"0\" data-image-meta=\"{&quot;aperture&quot;:&quot;0&quot;,&quot;credit&quot;:&quot;&quot;,&quot;camera&quot;:&quot;&quot;,&quot;caption&quot;:&quot;&quot;,&quot;created_timestamp&quot;:&quot;0&quot;,&quot;copyright&quot;:&quot;&quot;,&quot;focal_length&quot;:&quot;0&quot;,&quot;iso&quot;:&quot;0&quot;,&quot;shutter_speed&quot;:&quot;0&quot;,&quot;title&quot;:&quot;&quot;,&quot;orientation&quot;:&quot;0&quot;}\" data-image-title=\"cercle-run\" data-image-description=\"\" data-image-caption=\"\" data-medium-file=\"https:\/\/i0.wp.com\/www.activalia.es\/home\/activuser\/wordpress\/wp-content\/uploads\/2020\/03\/cercle-run.png?fit=300%2C261&amp;ssl=1\" data-large-file=\"https:\/\/i0.wp.com\/www.activalia.es\/home\/activuser\/wordpress\/wp-content\/uploads\/2020\/03\/cercle-run.png?fit=525%2C456&amp;ssl=1\" decoding=\"async\" loading=\"lazy\" class=\" wp-image-617 aligncenter\" src=\"https:\/\/i0.wp.com\/www.activalia.es\/home\/activuser\/wordpress\/wp-content\/uploads\/2020\/03\/cercle-run.png?resize=438%2C380&#038;ssl=1\" alt=\"\" width=\"438\" height=\"380\" srcset=\"https:\/\/i0.wp.com\/www.activalia.es\/home\/activuser\/wordpress\/wp-content\/uploads\/2020\/03\/cercle-run.png?w=768&amp;ssl=1 768w, https:\/\/i0.wp.com\/www.activalia.es\/home\/activuser\/wordpress\/wp-content\/uploads\/2020\/03\/cercle-run.png?resize=300%2C261&amp;ssl=1 300w\" sizes=\"(max-width: 438px) 100vw, 438px\" data-recalc-dims=\"1\" \/><\/a><\/p>\n<h4 style=\"text-align: justify;\"><b>GSX Gizmo est\u00e1 dise\u00f1ado para ayudar a enfrentar estos desaf\u00edos<\/b><\/h4>\n<p style=\"text-align: justify;\">GSX Gizmo identifica cualquier obst\u00e1culo en la ruta hacia la nube. Alerta de forma pro activa con informaci\u00f3n accionable en caso de cualquier degradaci\u00f3n del rendimiento durante la incorporaci\u00f3n a Office 365 y despu\u00e9s. Una soluci\u00f3n que reduce los riesgos operativos y financieros.<\/p>\n<h4 style=\"text-align: justify;\"><b>La implementaci\u00f3n de los servicios de Office 365 es un proceso recurrente<\/b><\/h4>\n<p style=\"text-align: justify;\">Gracias a una monitorizaci\u00f3n de calidad de servicio 24\/7, sitio por sitio, realizando acciones reales del usuario final, ahora se puede garantizar el \u00e9xito de cualquier implementaci\u00f3n de servicios de Office 365.<\/p>\n<p>Nuestros robots detectan y alertan en caso de cualquier degradaci\u00f3n del servicio mientras se est\u00e1n incorporando nuevos usuarios.<\/p>\n<p><a href=\"https:\/\/i0.wp.com\/www.activalia.es\/home\/activuser\/wordpress\/wp-content\/uploads\/2020\/03\/RobotUser_icon.png?ssl=1\"><img data-attachment-id=\"505\" data-permalink=\"https:\/\/www.activalia.es\/home\/activuser\/wordpress\/flotante1\/attachment\/robotuser_icon\/\" data-orig-file=\"https:\/\/i0.wp.com\/www.activalia.es\/home\/activuser\/wordpress\/wp-content\/uploads\/2020\/03\/RobotUser_icon.png?fit=600%2C600&amp;ssl=1\" data-orig-size=\"600,600\" data-comments-opened=\"0\" data-image-meta=\"{&quot;aperture&quot;:&quot;0&quot;,&quot;credit&quot;:&quot;&quot;,&quot;camera&quot;:&quot;&quot;,&quot;caption&quot;:&quot;&quot;,&quot;created_timestamp&quot;:&quot;0&quot;,&quot;copyright&quot;:&quot;&quot;,&quot;focal_length&quot;:&quot;0&quot;,&quot;iso&quot;:&quot;0&quot;,&quot;shutter_speed&quot;:&quot;0&quot;,&quot;title&quot;:&quot;&quot;,&quot;orientation&quot;:&quot;0&quot;}\" data-image-title=\"RobotUser_icon\" data-image-description=\"\" data-image-caption=\"\" data-medium-file=\"https:\/\/i0.wp.com\/www.activalia.es\/home\/activuser\/wordpress\/wp-content\/uploads\/2020\/03\/RobotUser_icon.png?fit=300%2C300&amp;ssl=1\" data-large-file=\"https:\/\/i0.wp.com\/www.activalia.es\/home\/activuser\/wordpress\/wp-content\/uploads\/2020\/03\/RobotUser_icon.png?fit=525%2C525&amp;ssl=1\" decoding=\"async\" loading=\"lazy\" class=\"wp-image-505 aligncenter\" src=\"https:\/\/i0.wp.com\/www.activalia.es\/home\/activuser\/wordpress\/wp-content\/uploads\/2020\/03\/RobotUser_icon.png?resize=347%2C347&#038;ssl=1\" alt=\"\" width=\"347\" height=\"347\" srcset=\"https:\/\/i0.wp.com\/www.activalia.es\/home\/activuser\/wordpress\/wp-content\/uploads\/2020\/03\/RobotUser_icon.png?w=600&amp;ssl=1 600w, https:\/\/i0.wp.com\/www.activalia.es\/home\/activuser\/wordpress\/wp-content\/uploads\/2020\/03\/RobotUser_icon.png?resize=300%2C300&amp;ssl=1 300w, https:\/\/i0.wp.com\/www.activalia.es\/home\/activuser\/wordpress\/wp-content\/uploads\/2020\/03\/RobotUser_icon.png?resize=150%2C150&amp;ssl=1 150w\" sizes=\"(max-width: 347px) 100vw, 347px\" data-recalc-dims=\"1\" \/><\/a><br \/>\n<b>Ejecutar y mantener operaciones<\/b><\/p>\n<p style=\"text-align: justify;\">El hecho de que no haya quejas en TI no significa que no se quejen a la gerencia. Si no se tiene una forma de prevenir, detectar y comprender los problemas que enfrentan a los usuarios, se est\u00e1 poniendo en riesgo a toda la organizaci\u00f3n.<\/p>\n<p style=\"text-align: justify;\">GSX Gizmo est\u00e1 espec\u00edficamente dise\u00f1ado para reducir el impacto comercial de cualquier problema de rendimiento:<\/p>\n<ul>\n<li style=\"list-style-type: none;\">\n<ul style=\"list-style-type: disc;\">\n<li style=\"text-align: justify;\">Detecci\u00f3n instant\u00e1nea de posibles problemas antes de que afecten la productividad de los usuarios finales<\/li>\n<li style=\"text-align: justify;\">El tiempo m\u00e1s r\u00e1pido para reparar con informaci\u00f3n sobre la causa ra\u00edz<\/li>\n<li style=\"text-align: justify;\">An\u00e1lisis para detectar patrones de rendimiento problem\u00e1ticos que afectan regularmente a los usuarios finales, sitio por sitio<\/li>\n<\/ul>\n<\/li>\n<\/ul>\n<p style=\"text-align: justify;\">Ahora se puede detectar, prevenir y tratar cualquier problema de rendimiento para limitar el impacto comercial y la p\u00e9rdida de productividad.<\/p>\n<p><a href=\"https:\/\/i0.wp.com\/www.activalia.es\/home\/activuser\/wordpress\/wp-content\/uploads\/2020\/03\/Gizmo-Office365.png?ssl=1\"><img data-attachment-id=\"619\" data-permalink=\"https:\/\/www.activalia.es\/home\/activuser\/wordpress\/monitorizacion-de-office-365\/attachment\/gizmo-office365\/\" data-orig-file=\"https:\/\/i0.wp.com\/www.activalia.es\/home\/activuser\/wordpress\/wp-content\/uploads\/2020\/03\/Gizmo-Office365.png?fit=1800%2C920&amp;ssl=1\" data-orig-size=\"1800,920\" data-comments-opened=\"0\" data-image-meta=\"{&quot;aperture&quot;:&quot;0&quot;,&quot;credit&quot;:&quot;&quot;,&quot;camera&quot;:&quot;&quot;,&quot;caption&quot;:&quot;&quot;,&quot;created_timestamp&quot;:&quot;0&quot;,&quot;copyright&quot;:&quot;&quot;,&quot;focal_length&quot;:&quot;0&quot;,&quot;iso&quot;:&quot;0&quot;,&quot;shutter_speed&quot;:&quot;0&quot;,&quot;title&quot;:&quot;&quot;,&quot;orientation&quot;:&quot;0&quot;}\" data-image-title=\"Gizmo-Office365\" data-image-description=\"\" data-image-caption=\"\" data-medium-file=\"https:\/\/i0.wp.com\/www.activalia.es\/home\/activuser\/wordpress\/wp-content\/uploads\/2020\/03\/Gizmo-Office365.png?fit=300%2C153&amp;ssl=1\" data-large-file=\"https:\/\/i0.wp.com\/www.activalia.es\/home\/activuser\/wordpress\/wp-content\/uploads\/2020\/03\/Gizmo-Office365.png?fit=525%2C268&amp;ssl=1\" decoding=\"async\" loading=\"lazy\" class=\" wp-image-619 aligncenter\" src=\"https:\/\/i0.wp.com\/www.activalia.es\/home\/activuser\/wordpress\/wp-content\/uploads\/2020\/03\/Gizmo-Office365.png?resize=525%2C268&#038;ssl=1\" alt=\"\" width=\"525\" height=\"268\" srcset=\"https:\/\/i0.wp.com\/www.activalia.es\/home\/activuser\/wordpress\/wp-content\/uploads\/2020\/03\/Gizmo-Office365.png?w=1800&amp;ssl=1 1800w, https:\/\/i0.wp.com\/www.activalia.es\/home\/activuser\/wordpress\/wp-content\/uploads\/2020\/03\/Gizmo-Office365.png?resize=300%2C153&amp;ssl=1 300w, https:\/\/i0.wp.com\/www.activalia.es\/home\/activuser\/wordpress\/wp-content\/uploads\/2020\/03\/Gizmo-Office365.png?resize=1024%2C523&amp;ssl=1 1024w, https:\/\/i0.wp.com\/www.activalia.es\/home\/activuser\/wordpress\/wp-content\/uploads\/2020\/03\/Gizmo-Office365.png?resize=768%2C393&amp;ssl=1 768w, https:\/\/i0.wp.com\/www.activalia.es\/home\/activuser\/wordpress\/wp-content\/uploads\/2020\/03\/Gizmo-Office365.png?resize=1536%2C785&amp;ssl=1 1536w\" sizes=\"(max-width: 525px) 100vw, 525px\" data-recalc-dims=\"1\" \/><\/a><\/p>\n<h4 style=\"text-align: justify;\"><b>Permite aumentar el ROI de la i<\/b><b>nversi\u00f3n de Office 365 en TI<\/b><\/h4>\n<p style=\"text-align: justify;\">Para aumentar el ROI en Office 365, se necesita que los usuarios adopten los servicios por los que se est\u00e1 pagando. Sin embargo, los usuarios tienden a no usar lo que consideran lento o poco fiable.<\/p>\n<p style=\"text-align: justify;\">Por eso, se que debe garantizar la satisfacci\u00f3n del usuario final para impulsar la adopci\u00f3n del servicio.<\/p>\n<p style=\"text-align: justify;\">GSX Gizmo proporciona la \u00fanica forma de monitorizar de forma constante la calidad del servicio de Office 365, sitio por sitio, asegurando la satisfacci\u00f3n del usuario final y la adopci\u00f3n de la carga de trabajo de Office 365.<\/p>\n<p style=\"text-align: center;\"><a href=\"https:\/\/www.activalia.es\/home\/activuser\/wordpress\/wp-content\/uploads\/2020\/03\/Brochure-GSX-Gizmo-for-Office-365.pdf\" target=\"_blank\" rel=\"noopener noreferrer\"><strong>Descarga el folleto de GSX Gizmo para Office 365<\/strong><\/a><\/p>\n","protected":false},"excerpt":{"rendered":"<p>Aportando valor a todo el equipo de Office 365 y las l\u00edneas de negocio Office 365 conlleva desaf\u00edos financieros y operativos 90% de los problemas de rendimiento a los que se enfrentan las empresas con Office 365 son causados por su propia infraestructura y red 16% de los usuarios finales abren tickets de TI cuando &hellip; <\/p>\n<p class=\"link-more\"><a href=\"https:\/\/www.activalia.es\/home\/activuser\/wordpress\/monitorizacion-de-office-365\/\" class=\"more-link\">Continuar leyendo<span class=\"screen-reader-text\"> \u00abGSX  Gizmo\u00bb<\/span><\/a><\/p>\n","protected":false},"author":1,"featured_media":0,"parent":0,"menu_order":0,"comment_status":"closed","ping_status":"closed","template":"","meta":{"jetpack_post_was_ever_published":false,"footnotes":""},"yoast_head":"<!-- This site is optimized with the Yoast SEO plugin v21.4 - https:\/\/yoast.com\/wordpress\/plugins\/seo\/ -->\n<title>GSX Gizmo - ACTIVALIA<\/title>\n<meta name=\"robots\" content=\"index, follow, max-snippet:-1, max-image-preview:large, max-video-preview:-1\" \/>\n<link rel=\"canonical\" href=\"https:\/\/www.activalia.es\/home\/activuser\/wordpress\/monitorizacion-de-office-365\/\" \/>\n<meta property=\"og:locale\" content=\"es_ES\" \/>\n<meta property=\"og:type\" content=\"article\" \/>\n<meta property=\"og:title\" content=\"GSX Gizmo - ACTIVALIA\" \/>\n<meta property=\"og:description\" content=\"Aportando valor a todo el equipo de Office 365 y las l\u00edneas de negocio Office 365 conlleva desaf\u00edos financieros y operativos 90% de los problemas de rendimiento a los que se enfrentan las empresas con Office 365 son causados por su propia infraestructura y red 16% de los usuarios finales abren tickets de TI cuando &hellip; Continuar leyendo &quot;GSX Gizmo&quot;\" \/>\n<meta property=\"og:url\" content=\"https:\/\/www.activalia.es\/home\/activuser\/wordpress\/monitorizacion-de-office-365\/\" \/>\n<meta property=\"og:site_name\" content=\"ACTIVALIA\" \/>\n<meta property=\"article:modified_time\" content=\"2020-03-17T08:51:27+00:00\" \/>\n<meta property=\"og:image\" content=\"https:\/\/www.activalia.es\/home\/activuser\/wordpress\/wp-content\/uploads\/2020\/03\/cercle-run.png\" \/>\n<meta name=\"twitter:card\" content=\"summary_large_image\" \/>\n<meta name=\"twitter:label1\" content=\"Tiempo de lectura\" \/>\n\t<meta name=\"twitter:data1\" content=\"2 minutos\" \/>\n<script type=\"application\/ld+json\" class=\"yoast-schema-graph\">{\"@context\":\"https:\/\/schema.org\",\"@graph\":[{\"@type\":\"WebPage\",\"@id\":\"https:\/\/www.activalia.es\/home\/activuser\/wordpress\/monitorizacion-de-office-365\/\",\"url\":\"https:\/\/www.activalia.es\/home\/activuser\/wordpress\/monitorizacion-de-office-365\/\",\"name\":\"GSX Gizmo - ACTIVALIA\",\"isPartOf\":{\"@id\":\"https:\/\/www.activalia.es\/home\/activuser\/wordpress\/#website\"},\"datePublished\":\"2020-03-10T15:18:06+00:00\",\"dateModified\":\"2020-03-17T08:51:27+00:00\",\"breadcrumb\":{\"@id\":\"https:\/\/www.activalia.es\/home\/activuser\/wordpress\/monitorizacion-de-office-365\/#breadcrumb\"},\"inLanguage\":\"es\",\"potentialAction\":[{\"@type\":\"ReadAction\",\"target\":[\"https:\/\/www.activalia.es\/home\/activuser\/wordpress\/monitorizacion-de-office-365\/\"]}]},{\"@type\":\"BreadcrumbList\",\"@id\":\"https:\/\/www.activalia.es\/home\/activuser\/wordpress\/monitorizacion-de-office-365\/#breadcrumb\",\"itemListElement\":[{\"@type\":\"ListItem\",\"position\":1,\"name\":\"Portada\",\"item\":\"https:\/\/www.activalia.es\/home\/activuser\/wordpress\/\"},{\"@type\":\"ListItem\",\"position\":2,\"name\":\"GSX Gizmo\"}]},{\"@type\":\"WebSite\",\"@id\":\"https:\/\/www.activalia.es\/home\/activuser\/wordpress\/#website\",\"url\":\"https:\/\/www.activalia.es\/home\/activuser\/wordpress\/\",\"name\":\"ACTIVALIA\",\"description\":\"Sitio web de Activalia Sistemas de Informaci\u00f3n\",\"potentialAction\":[{\"@type\":\"SearchAction\",\"target\":{\"@type\":\"EntryPoint\",\"urlTemplate\":\"https:\/\/www.activalia.es\/home\/activuser\/wordpress\/?s={search_term_string}\"},\"query-input\":\"required name=search_term_string\"}],\"inLanguage\":\"es\"}]}<\/script>\n<!-- \/ Yoast SEO plugin. -->","yoast_head_json":{"title":"GSX Gizmo - ACTIVALIA","robots":{"index":"index","follow":"follow","max-snippet":"max-snippet:-1","max-image-preview":"max-image-preview:large","max-video-preview":"max-video-preview:-1"},"canonical":"https:\/\/www.activalia.es\/home\/activuser\/wordpress\/monitorizacion-de-office-365\/","og_locale":"es_ES","og_type":"article","og_title":"GSX Gizmo - ACTIVALIA","og_description":"Aportando valor a todo el equipo de Office 365 y las l\u00edneas de negocio Office 365 conlleva desaf\u00edos financieros y operativos 90% de los problemas de rendimiento a los que se enfrentan las empresas con Office 365 son causados por su propia infraestructura y red 16% de los usuarios finales abren tickets de TI cuando &hellip; Continuar leyendo \"GSX Gizmo\"","og_url":"https:\/\/www.activalia.es\/home\/activuser\/wordpress\/monitorizacion-de-office-365\/","og_site_name":"ACTIVALIA","article_modified_time":"2020-03-17T08:51:27+00:00","og_image":[{"url":"https:\/\/www.activalia.es\/home\/activuser\/wordpress\/wp-content\/uploads\/2020\/03\/cercle-run.png"}],"twitter_card":"summary_large_image","twitter_misc":{"Tiempo de lectura":"2 minutos"},"schema":{"@context":"https:\/\/schema.org","@graph":[{"@type":"WebPage","@id":"https:\/\/www.activalia.es\/home\/activuser\/wordpress\/monitorizacion-de-office-365\/","url":"https:\/\/www.activalia.es\/home\/activuser\/wordpress\/monitorizacion-de-office-365\/","name":"GSX Gizmo - ACTIVALIA","isPartOf":{"@id":"https:\/\/www.activalia.es\/home\/activuser\/wordpress\/#website"},"datePublished":"2020-03-10T15:18:06+00:00","dateModified":"2020-03-17T08:51:27+00:00","breadcrumb":{"@id":"https:\/\/www.activalia.es\/home\/activuser\/wordpress\/monitorizacion-de-office-365\/#breadcrumb"},"inLanguage":"es","potentialAction":[{"@type":"ReadAction","target":["https:\/\/www.activalia.es\/home\/activuser\/wordpress\/monitorizacion-de-office-365\/"]}]},{"@type":"BreadcrumbList","@id":"https:\/\/www.activalia.es\/home\/activuser\/wordpress\/monitorizacion-de-office-365\/#breadcrumb","itemListElement":[{"@type":"ListItem","position":1,"name":"Portada","item":"https:\/\/www.activalia.es\/home\/activuser\/wordpress\/"},{"@type":"ListItem","position":2,"name":"GSX Gizmo"}]},{"@type":"WebSite","@id":"https:\/\/www.activalia.es\/home\/activuser\/wordpress\/#website","url":"https:\/\/www.activalia.es\/home\/activuser\/wordpress\/","name":"ACTIVALIA","description":"Sitio web de Activalia Sistemas de Informaci\u00f3n","potentialAction":[{"@type":"SearchAction","target":{"@type":"EntryPoint","urlTemplate":"https:\/\/www.activalia.es\/home\/activuser\/wordpress\/?s={search_term_string}"},"query-input":"required name=search_term_string"}],"inLanguage":"es"}]}},"jetpack_sharing_enabled":true,"jetpack_shortlink":"https:\/\/wp.me\/P7QtL8-9W","_links":{"self":[{"href":"https:\/\/www.activalia.es\/home\/activuser\/wordpress\/wp-json\/wp\/v2\/pages\/616"}],"collection":[{"href":"https:\/\/www.activalia.es\/home\/activuser\/wordpress\/wp-json\/wp\/v2\/pages"}],"about":[{"href":"https:\/\/www.activalia.es\/home\/activuser\/wordpress\/wp-json\/wp\/v2\/types\/page"}],"author":[{"embeddable":true,"href":"https:\/\/www.activalia.es\/home\/activuser\/wordpress\/wp-json\/wp\/v2\/users\/1"}],"replies":[{"embeddable":true,"href":"https:\/\/www.activalia.es\/home\/activuser\/wordpress\/wp-json\/wp\/v2\/comments?post=616"}],"version-history":[{"count":13,"href":"https:\/\/www.activalia.es\/home\/activuser\/wordpress\/wp-json\/wp\/v2\/pages\/616\/revisions"}],"predecessor-version":[{"id":694,"href":"https:\/\/www.activalia.es\/home\/activuser\/wordpress\/wp-json\/wp\/v2\/pages\/616\/revisions\/694"}],"wp:attachment":[{"href":"https:\/\/www.activalia.es\/home\/activuser\/wordpress\/wp-json\/wp\/v2\/media?parent=616"}],"curies":[{"name":"wp","href":"https:\/\/api.w.org\/{rel}","templated":true}]}}