{"id":504,"date":"2020-03-10T11:16:51","date_gmt":"2020-03-10T11:16:51","guid":{"rendered":"https:\/\/www.activalia.es\/home\/activuser\/wordpress\/?page_id=504"},"modified":"2020-10-22T05:48:30","modified_gmt":"2020-10-22T05:48:30","slug":"flotante1","status":"publish","type":"page","link":"https:\/\/www.activalia.es\/home\/activuser\/wordpress\/","title":{"rendered":""},"content":{"rendered":"<h2 style=\"text-align: center;\"><b><span style=\"font-size: 16px;\"><span style=\"font-size: 20px;\">La \u00fanica forma de monitorizar una aplicaci\u00f3n SaaS es us\u00e1ndola<\/span><br \/>\n<\/span><br \/>\n<\/b><b><\/b><b><\/b><b><\/b><b><\/b><b><\/b><span style=\"font-size: 16px;\"><b>Y eso es exactamente lo que hacen los Usuarios Robot de GSX<\/b><\/span><\/h2>\n<p style=\"text-align: justify;\"><a href=\"https:\/\/i0.wp.com\/www.activalia.es\/home\/activuser\/wordpress\/wp-content\/uploads\/2020\/03\/robot1.png?ssl=1\"><img data-attachment-id=\"506\" data-permalink=\"https:\/\/www.activalia.es\/home\/activuser\/wordpress\/flotante1\/attachment\/robot1\/\" data-orig-file=\"https:\/\/i0.wp.com\/www.activalia.es\/home\/activuser\/wordpress\/wp-content\/uploads\/2020\/03\/robot1.png?fit=893%2C811&amp;ssl=1\" data-orig-size=\"893,811\" data-comments-opened=\"0\" data-image-meta=\"{&quot;aperture&quot;:&quot;0&quot;,&quot;credit&quot;:&quot;&quot;,&quot;camera&quot;:&quot;&quot;,&quot;caption&quot;:&quot;&quot;,&quot;created_timestamp&quot;:&quot;0&quot;,&quot;copyright&quot;:&quot;&quot;,&quot;focal_length&quot;:&quot;0&quot;,&quot;iso&quot;:&quot;0&quot;,&quot;shutter_speed&quot;:&quot;0&quot;,&quot;title&quot;:&quot;&quot;,&quot;orientation&quot;:&quot;0&quot;}\" data-image-title=\"robot1\" data-image-description=\"\" data-image-caption=\"\" data-medium-file=\"https:\/\/i0.wp.com\/www.activalia.es\/home\/activuser\/wordpress\/wp-content\/uploads\/2020\/03\/robot1.png?fit=300%2C272&amp;ssl=1\" data-large-file=\"https:\/\/i0.wp.com\/www.activalia.es\/home\/activuser\/wordpress\/wp-content\/uploads\/2020\/03\/robot1.png?fit=525%2C477&amp;ssl=1\" decoding=\"async\" loading=\"lazy\" class=\"wp-image-506 aligncenter\" src=\"https:\/\/i0.wp.com\/www.activalia.es\/home\/activuser\/wordpress\/wp-content\/uploads\/2020\/03\/robot1.png?resize=499%2C454&#038;ssl=1\" alt=\"\" width=\"499\" height=\"454\" srcset=\"https:\/\/i0.wp.com\/www.activalia.es\/home\/activuser\/wordpress\/wp-content\/uploads\/2020\/03\/robot1.png?w=893&amp;ssl=1 893w, https:\/\/i0.wp.com\/www.activalia.es\/home\/activuser\/wordpress\/wp-content\/uploads\/2020\/03\/robot1.png?resize=300%2C272&amp;ssl=1 300w, https:\/\/i0.wp.com\/www.activalia.es\/home\/activuser\/wordpress\/wp-content\/uploads\/2020\/03\/robot1.png?resize=768%2C697&amp;ssl=1 768w, https:\/\/i0.wp.com\/www.activalia.es\/home\/activuser\/wordpress\/wp-content\/uploads\/2020\/03\/robot1.png?resize=624%2C567&amp;ssl=1 624w\" sizes=\"(max-width: 499px) 100vw, 499px\" data-recalc-dims=\"1\" \/><\/a><\/p>\n<p style=\"text-align: justify;\">Office 365 no viene con una monitorizaci\u00f3n integrada de la calidad del servicio. Office 365 solo puede informar del estado del servicio dentro del centro de datos de Microsoft. Por lo tanto, tenemos un punto ciego entre los usuarios finales y la nube de Microsoft.<\/p>\n<p style=\"text-align: justify;\">Para comprender la calidad del servicio que se est\u00e1 proporcionando a los usuarios o clientes, se necesita una herramienta de monitorizaci\u00f3n de Office 365 que pruebe continuamente la experiencia del usuario, desde donde se encuentran los usuarios.<\/p>\n<p style=\"text-align: justify;\">Los Usuarios Robot de GSX han sido dise\u00f1ados para hacer esto. Al contrario de cualquier otra herramienta de monitorizaci\u00f3n de rendimiento de aplicaciones, realizan transacciones sint\u00e9ticas de los servicios de Microsoft Exchange, SharePoint, OneDrive, Teams y Skype utilizando el cliente Microsoft a la vez que comprueban las condiciones de la red.<span class=\"Apple-converted-space\">\u00a0<\/span><\/p>\n","protected":false},"excerpt":{"rendered":"<p>La \u00fanica forma de monitorizar una aplicaci\u00f3n SaaS es us\u00e1ndola Y eso es exactamente lo que hacen los Usuarios Robot de GSX Office 365 no viene con una monitorizaci\u00f3n integrada de la calidad del servicio. Office 365 solo puede informar del estado del servicio dentro del centro de datos de Microsoft. Por lo tanto, tenemos &hellip; <\/p>\n<p class=\"link-more\"><a href=\"https:\/\/www.activalia.es\/home\/activuser\/wordpress\/\" class=\"more-link\">Continuar leyendo<span class=\"screen-reader-text\"> \u00ab\u00bb<\/span><\/a><\/p>\n","protected":false},"author":1,"featured_media":0,"parent":0,"menu_order":0,"comment_status":"closed","ping_status":"closed","template":"","meta":{"jetpack_post_was_ever_published":false,"footnotes":""},"yoast_head":"<!-- This site is optimized with the Yoast SEO plugin v21.4 - https:\/\/yoast.com\/wordpress\/plugins\/seo\/ -->\n<title>La \u00fanica forma de monitorizar una aplicaci\u00f3n SaaS es us\u00e1ndola<\/title>\n<meta name=\"robots\" content=\"index, follow, max-snippet:-1, max-image-preview:large, max-video-preview:-1\" \/>\n<link rel=\"canonical\" href=\"https:\/\/www.activalia.es\/home\/activuser\/wordpress\/\" \/>\n<meta property=\"og:locale\" content=\"es_ES\" \/>\n<meta property=\"og:type\" content=\"article\" \/>\n<meta property=\"og:title\" content=\"La \u00fanica forma de monitorizar una aplicaci\u00f3n SaaS es us\u00e1ndola\" \/>\n<meta property=\"og:description\" content=\"La \u00fanica forma de monitorizar una aplicaci\u00f3n SaaS es us\u00e1ndola Y eso es exactamente lo que hacen los Usuarios Robot de GSX Office 365 no viene con una monitorizaci\u00f3n integrada de la calidad del servicio. Office 365 solo puede informar del estado del servicio dentro del centro de datos de Microsoft. Por lo tanto, tenemos &hellip; Continuar leyendo &quot;&quot;\" \/>\n<meta property=\"og:url\" content=\"https:\/\/www.activalia.es\/home\/activuser\/wordpress\/\" \/>\n<meta property=\"og:site_name\" content=\"ACTIVALIA\" \/>\n<meta property=\"article:modified_time\" content=\"2020-10-22T05:48:30+00:00\" \/>\n<meta property=\"og:image\" content=\"https:\/\/www.activalia.es\/home\/activuser\/wordpress\/wp-content\/uploads\/2020\/03\/robot1.png\" \/>\n<meta name=\"twitter:card\" content=\"summary_large_image\" \/>\n<meta name=\"twitter:label1\" content=\"Tiempo de lectura\" \/>\n\t<meta name=\"twitter:data1\" content=\"1 minuto\" \/>\n<script type=\"application\/ld+json\" class=\"yoast-schema-graph\">{\"@context\":\"https:\/\/schema.org\",\"@graph\":[{\"@type\":\"WebPage\",\"@id\":\"https:\/\/www.activalia.es\/home\/activuser\/wordpress\/\",\"url\":\"https:\/\/www.activalia.es\/home\/activuser\/wordpress\/\",\"name\":\"La \u00fanica forma de monitorizar una aplicaci\u00f3n SaaS es us\u00e1ndola\",\"isPartOf\":{\"@id\":\"https:\/\/www.activalia.es\/home\/activuser\/wordpress\/#website\"},\"datePublished\":\"2020-03-10T11:16:51+00:00\",\"dateModified\":\"2020-10-22T05:48:30+00:00\",\"inLanguage\":\"es\",\"potentialAction\":[{\"@type\":\"ReadAction\",\"target\":[\"https:\/\/www.activalia.es\/home\/activuser\/wordpress\/\"]}]},{\"@type\":\"WebSite\",\"@id\":\"https:\/\/www.activalia.es\/home\/activuser\/wordpress\/#website\",\"url\":\"https:\/\/www.activalia.es\/home\/activuser\/wordpress\/\",\"name\":\"ACTIVALIA\",\"description\":\"Sitio web de Activalia Sistemas de Informaci\u00f3n\",\"potentialAction\":[{\"@type\":\"SearchAction\",\"target\":{\"@type\":\"EntryPoint\",\"urlTemplate\":\"https:\/\/www.activalia.es\/home\/activuser\/wordpress\/?s={search_term_string}\"},\"query-input\":\"required name=search_term_string\"}],\"inLanguage\":\"es\"}]}<\/script>\n<!-- \/ Yoast SEO plugin. -->","yoast_head_json":{"title":"La \u00fanica forma de monitorizar una aplicaci\u00f3n SaaS es us\u00e1ndola","robots":{"index":"index","follow":"follow","max-snippet":"max-snippet:-1","max-image-preview":"max-image-preview:large","max-video-preview":"max-video-preview:-1"},"canonical":"https:\/\/www.activalia.es\/home\/activuser\/wordpress\/","og_locale":"es_ES","og_type":"article","og_title":"La \u00fanica forma de monitorizar una aplicaci\u00f3n SaaS es us\u00e1ndola","og_description":"La \u00fanica forma de monitorizar una aplicaci\u00f3n SaaS es us\u00e1ndola Y eso es exactamente lo que hacen los Usuarios Robot de GSX Office 365 no viene con una monitorizaci\u00f3n integrada de la calidad del servicio. Office 365 solo puede informar del estado del servicio dentro del centro de datos de Microsoft. Por lo tanto, tenemos &hellip; Continuar leyendo \"\"","og_url":"https:\/\/www.activalia.es\/home\/activuser\/wordpress\/","og_site_name":"ACTIVALIA","article_modified_time":"2020-10-22T05:48:30+00:00","og_image":[{"url":"https:\/\/www.activalia.es\/home\/activuser\/wordpress\/wp-content\/uploads\/2020\/03\/robot1.png"}],"twitter_card":"summary_large_image","twitter_misc":{"Tiempo de lectura":"1 minuto"},"schema":{"@context":"https:\/\/schema.org","@graph":[{"@type":"WebPage","@id":"https:\/\/www.activalia.es\/home\/activuser\/wordpress\/","url":"https:\/\/www.activalia.es\/home\/activuser\/wordpress\/","name":"La \u00fanica forma de monitorizar una aplicaci\u00f3n SaaS es us\u00e1ndola","isPartOf":{"@id":"https:\/\/www.activalia.es\/home\/activuser\/wordpress\/#website"},"datePublished":"2020-03-10T11:16:51+00:00","dateModified":"2020-10-22T05:48:30+00:00","inLanguage":"es","potentialAction":[{"@type":"ReadAction","target":["https:\/\/www.activalia.es\/home\/activuser\/wordpress\/"]}]},{"@type":"WebSite","@id":"https:\/\/www.activalia.es\/home\/activuser\/wordpress\/#website","url":"https:\/\/www.activalia.es\/home\/activuser\/wordpress\/","name":"ACTIVALIA","description":"Sitio web de Activalia Sistemas de Informaci\u00f3n","potentialAction":[{"@type":"SearchAction","target":{"@type":"EntryPoint","urlTemplate":"https:\/\/www.activalia.es\/home\/activuser\/wordpress\/?s={search_term_string}"},"query-input":"required name=search_term_string"}],"inLanguage":"es"}]}},"jetpack_sharing_enabled":true,"jetpack_shortlink":"https:\/\/wp.me\/P7QtL8-88","_links":{"self":[{"href":"https:\/\/www.activalia.es\/home\/activuser\/wordpress\/wp-json\/wp\/v2\/pages\/504"}],"collection":[{"href":"https:\/\/www.activalia.es\/home\/activuser\/wordpress\/wp-json\/wp\/v2\/pages"}],"about":[{"href":"https:\/\/www.activalia.es\/home\/activuser\/wordpress\/wp-json\/wp\/v2\/types\/page"}],"author":[{"embeddable":true,"href":"https:\/\/www.activalia.es\/home\/activuser\/wordpress\/wp-json\/wp\/v2\/users\/1"}],"replies":[{"embeddable":true,"href":"https:\/\/www.activalia.es\/home\/activuser\/wordpress\/wp-json\/wp\/v2\/comments?post=504"}],"version-history":[{"count":17,"href":"https:\/\/www.activalia.es\/home\/activuser\/wordpress\/wp-json\/wp\/v2\/pages\/504\/revisions"}],"predecessor-version":[{"id":682,"href":"https:\/\/www.activalia.es\/home\/activuser\/wordpress\/wp-json\/wp\/v2\/pages\/504\/revisions\/682"}],"wp:attachment":[{"href":"https:\/\/www.activalia.es\/home\/activuser\/wordpress\/wp-json\/wp\/v2\/media?parent=504"}],"curies":[{"name":"wp","href":"https:\/\/api.w.org\/{rel}","templated":true}]}}