{"id":31,"date":"2016-04-11T13:45:09","date_gmt":"2016-04-11T13:45:09","guid":{"rendered":"http:\/\/www.activalia.es\/home\/activuser\/wordpress\/?page_id=31"},"modified":"2020-03-10T20:06:36","modified_gmt":"2020-03-10T20:06:36","slug":"compania","status":"publish","type":"page","link":"https:\/\/www.activalia.es\/home\/activuser\/wordpress\/compania\/","title":{"rendered":"Compa\u00f1\u00eda"},"content":{"rendered":"<p style=\"text-align: justify;\"><span style=\"font-family: verdana,geneva,sans-serif; font-size: 12pt;\">Desde 1998 Activalia ha estado centrada en la Gesti\u00f3n de Activos de Software, la Gesti\u00f3n de Contratos de TI, la optimizaci\u00f3n de Centros de Proceso de Datos y la Gesti\u00f3n del Rendimiento de las Aplicaciones.<\/span><\/p>\n<p style=\"text-align: justify;\"><span style=\"font-family: verdana,geneva,sans-serif; font-size: 12pt;\">La compa\u00f1\u00eda se fund\u00f3 con el objetivo de proporcionar a las empresas las mejores soluciones para la optimizaci\u00f3n de sus sistemas de informaci\u00f3n y la reducci\u00f3n de costes de operaci\u00f3n y soporte.<\/span><\/p>\n<p><span style=\"font-family: verdana,geneva,sans-serif; font-size: 12pt;\">Activalia proporciona una amplia gama de servicios de TI:<\/span><\/p>\n<ul>\n<li style=\"list-style-type: none;\">\n<ul>\n<li style=\"text-align: left;\"><span style=\"font-family: verdana,geneva,sans-serif; font-size: 12pt;\">Dise\u00f1o e implementaci\u00f3n de p\u00e1ginas web<br \/>\n<\/span><\/li>\n<li style=\"text-align: left;\"><span style=\"font-family: verdana,geneva,sans-serif; font-size: 12pt;\">Monitorizaci\u00f3n de entornos de mensajer\u00eda y colaboraci\u00f3n<\/span><\/li>\n<li style=\"text-align: left;\"><span style=\"font-family: verdana,geneva,sans-serif; font-size: 12pt;\">Monitorizaci\u00f3n del rendimiento de las transacciones<\/span><\/li>\n<li style=\"text-align: left;\"><span style=\"font-family: verdana,geneva,sans-serif; font-size: 12pt;\">Gesti\u00f3n de activos de software<\/span><\/li>\n<li style=\"text-align: left;\"><span style=\"font-family: verdana,geneva,sans-serif; font-size: 12pt;\">Gesti\u00f3n y reconciliaci\u00f3n de contratos y licencias de TI<\/span><\/li>\n<li style=\"text-align: left;\"><span style=\"font-family: verdana,geneva,sans-serif; font-size: 12pt;\">Consultor\u00eda<\/span><\/li>\n<li style=\"text-align: left;\"><span style=\"font-family: verdana,geneva,sans-serif; font-size: 12pt;\">Implantaci\u00f3n de sistemas<\/span><\/li>\n<li style=\"text-align: left;\"><span style=\"font-family: verdana,geneva,sans-serif; font-size: 12pt;\">Formaci\u00f3n<\/span><\/li>\n<\/ul>\n<\/li>\n<\/ul>\n<p style=\"text-align: justify;\"><span style=\"font-family: verdana,geneva,sans-serif; font-size: 12px;\"><span style=\"font-size: 12pt;\">Activalia distribuye en Espa\u00f1a y Portugal la suite completa de soluciones de monitorizaci\u00f3n de entornos de mensajer\u00eda y colaboraci\u00f3n de GSX.<\/span><br \/>\n<\/span><\/p>\n<p><a href=\"https:\/\/i0.wp.com\/www.activalia.es\/home\/activuser\/wordpress\/wp-content\/uploads\/2020\/03\/Logo-Activalia-0607.jpg?ssl=1\"><img data-attachment-id=\"574\" data-permalink=\"https:\/\/www.activalia.es\/home\/activuser\/wordpress\/inicio\/attachment\/logo-activalia-0607-2\/\" data-orig-file=\"https:\/\/i0.wp.com\/www.activalia.es\/home\/activuser\/wordpress\/wp-content\/uploads\/2020\/03\/Logo-Activalia-0607.jpg?fit=788%2C122&amp;ssl=1\" data-orig-size=\"788,122\" data-comments-opened=\"0\" data-image-meta=\"{&quot;aperture&quot;:&quot;0&quot;,&quot;credit&quot;:&quot;&quot;,&quot;camera&quot;:&quot;&quot;,&quot;caption&quot;:&quot;&quot;,&quot;created_timestamp&quot;:&quot;0&quot;,&quot;copyright&quot;:&quot;&quot;,&quot;focal_length&quot;:&quot;0&quot;,&quot;iso&quot;:&quot;0&quot;,&quot;shutter_speed&quot;:&quot;0&quot;,&quot;title&quot;:&quot;&quot;,&quot;orientation&quot;:&quot;1&quot;}\" data-image-title=\"Logo Activalia 0607\" data-image-description=\"\" data-image-caption=\"\" data-medium-file=\"https:\/\/i0.wp.com\/www.activalia.es\/home\/activuser\/wordpress\/wp-content\/uploads\/2020\/03\/Logo-Activalia-0607.jpg?fit=300%2C46&amp;ssl=1\" data-large-file=\"https:\/\/i0.wp.com\/www.activalia.es\/home\/activuser\/wordpress\/wp-content\/uploads\/2020\/03\/Logo-Activalia-0607.jpg?fit=525%2C81&amp;ssl=1\" decoding=\"async\" loading=\"lazy\" class=\"size-full wp-image-574 aligncenter\" src=\"https:\/\/i0.wp.com\/www.activalia.es\/home\/activuser\/wordpress\/wp-content\/uploads\/2020\/03\/Logo-Activalia-0607.jpg?resize=525%2C81&#038;ssl=1\" alt=\"\" width=\"525\" height=\"81\" srcset=\"https:\/\/i0.wp.com\/www.activalia.es\/home\/activuser\/wordpress\/wp-content\/uploads\/2020\/03\/Logo-Activalia-0607.jpg?w=788&amp;ssl=1 788w, https:\/\/i0.wp.com\/www.activalia.es\/home\/activuser\/wordpress\/wp-content\/uploads\/2020\/03\/Logo-Activalia-0607.jpg?resize=300%2C46&amp;ssl=1 300w, https:\/\/i0.wp.com\/www.activalia.es\/home\/activuser\/wordpress\/wp-content\/uploads\/2020\/03\/Logo-Activalia-0607.jpg?resize=768%2C119&amp;ssl=1 768w\" sizes=\"(max-width: 706px) 89vw, (max-width: 767px) 82vw, 740px\" data-recalc-dims=\"1\" \/><\/a><\/p>\n","protected":false},"excerpt":{"rendered":"<p>Desde 1998 Activalia ha estado centrada en la Gesti\u00f3n de Activos de Software, la Gesti\u00f3n de Contratos de TI, la optimizaci\u00f3n de Centros de Proceso de Datos y la Gesti\u00f3n del Rendimiento de las Aplicaciones. La compa\u00f1\u00eda se fund\u00f3 con el objetivo de proporcionar a las empresas las mejores soluciones para la optimizaci\u00f3n de sus &hellip; <\/p>\n<p class=\"link-more\"><a href=\"https:\/\/www.activalia.es\/home\/activuser\/wordpress\/compania\/\" class=\"more-link\">Continuar leyendo<span class=\"screen-reader-text\"> \u00abCompa\u00f1\u00eda\u00bb<\/span><\/a><\/p>\n","protected":false},"author":1,"featured_media":0,"parent":0,"menu_order":0,"comment_status":"closed","ping_status":"closed","template":"","meta":{"jetpack_post_was_ever_published":false,"footnotes":""},"yoast_head":"<!-- This site is optimized with the Yoast SEO plugin v21.4 - https:\/\/yoast.com\/wordpress\/plugins\/seo\/ -->\n<title>Compa\u00f1\u00eda - ACTIVALIA<\/title>\n<meta name=\"robots\" content=\"index, follow, max-snippet:-1, max-image-preview:large, max-video-preview:-1\" \/>\n<link rel=\"canonical\" href=\"https:\/\/www.activalia.es\/home\/activuser\/wordpress\/compania\/\" \/>\n<meta property=\"og:locale\" content=\"es_ES\" \/>\n<meta property=\"og:type\" content=\"article\" \/>\n<meta property=\"og:title\" content=\"Compa\u00f1\u00eda - ACTIVALIA\" \/>\n<meta property=\"og:description\" content=\"Desde 1998 Activalia ha estado centrada en la Gesti\u00f3n de Activos de Software, la Gesti\u00f3n de Contratos de TI, la optimizaci\u00f3n de Centros de Proceso de Datos y la Gesti\u00f3n del Rendimiento de las Aplicaciones. La compa\u00f1\u00eda se fund\u00f3 con el objetivo de proporcionar a las empresas las mejores soluciones para la optimizaci\u00f3n de sus &hellip; Continuar leyendo &quot;Compa\u00f1\u00eda&quot;\" \/>\n<meta property=\"og:url\" content=\"https:\/\/www.activalia.es\/home\/activuser\/wordpress\/compania\/\" \/>\n<meta property=\"og:site_name\" content=\"ACTIVALIA\" \/>\n<meta property=\"article:modified_time\" content=\"2020-03-10T20:06:36+00:00\" \/>\n<meta property=\"og:image\" content=\"https:\/\/www.activalia.es\/home\/activuser\/wordpress\/wp-content\/uploads\/2020\/03\/Logo-Activalia-0607.jpg\" \/>\n<meta name=\"twitter:card\" content=\"summary_large_image\" \/>\n<meta name=\"twitter:label1\" content=\"Tiempo de lectura\" \/>\n\t<meta name=\"twitter:data1\" content=\"1 minuto\" \/>\n<script type=\"application\/ld+json\" class=\"yoast-schema-graph\">{\"@context\":\"https:\/\/schema.org\",\"@graph\":[{\"@type\":\"WebPage\",\"@id\":\"https:\/\/www.activalia.es\/home\/activuser\/wordpress\/compania\/\",\"url\":\"https:\/\/www.activalia.es\/home\/activuser\/wordpress\/compania\/\",\"name\":\"Compa\u00f1\u00eda - ACTIVALIA\",\"isPartOf\":{\"@id\":\"https:\/\/www.activalia.es\/home\/activuser\/wordpress\/#website\"},\"datePublished\":\"2016-04-11T13:45:09+00:00\",\"dateModified\":\"2020-03-10T20:06:36+00:00\",\"breadcrumb\":{\"@id\":\"https:\/\/www.activalia.es\/home\/activuser\/wordpress\/compania\/#breadcrumb\"},\"inLanguage\":\"es\",\"potentialAction\":[{\"@type\":\"ReadAction\",\"target\":[\"https:\/\/www.activalia.es\/home\/activuser\/wordpress\/compania\/\"]}]},{\"@type\":\"BreadcrumbList\",\"@id\":\"https:\/\/www.activalia.es\/home\/activuser\/wordpress\/compania\/#breadcrumb\",\"itemListElement\":[{\"@type\":\"ListItem\",\"position\":1,\"name\":\"Portada\",\"item\":\"https:\/\/www.activalia.es\/home\/activuser\/wordpress\/\"},{\"@type\":\"ListItem\",\"position\":2,\"name\":\"Compa\u00f1\u00eda\"}]},{\"@type\":\"WebSite\",\"@id\":\"https:\/\/www.activalia.es\/home\/activuser\/wordpress\/#website\",\"url\":\"https:\/\/www.activalia.es\/home\/activuser\/wordpress\/\",\"name\":\"ACTIVALIA\",\"description\":\"Sitio web de Activalia Sistemas de Informaci\u00f3n\",\"potentialAction\":[{\"@type\":\"SearchAction\",\"target\":{\"@type\":\"EntryPoint\",\"urlTemplate\":\"https:\/\/www.activalia.es\/home\/activuser\/wordpress\/?s={search_term_string}\"},\"query-input\":\"required name=search_term_string\"}],\"inLanguage\":\"es\"}]}<\/script>\n<!-- \/ Yoast SEO plugin. -->","yoast_head_json":{"title":"Compa\u00f1\u00eda - ACTIVALIA","robots":{"index":"index","follow":"follow","max-snippet":"max-snippet:-1","max-image-preview":"max-image-preview:large","max-video-preview":"max-video-preview:-1"},"canonical":"https:\/\/www.activalia.es\/home\/activuser\/wordpress\/compania\/","og_locale":"es_ES","og_type":"article","og_title":"Compa\u00f1\u00eda - ACTIVALIA","og_description":"Desde 1998 Activalia ha estado centrada en la Gesti\u00f3n de Activos de Software, la Gesti\u00f3n de Contratos de TI, la optimizaci\u00f3n de Centros de Proceso de Datos y la Gesti\u00f3n del Rendimiento de las Aplicaciones. La compa\u00f1\u00eda se fund\u00f3 con el objetivo de proporcionar a las empresas las mejores soluciones para la optimizaci\u00f3n de sus &hellip; Continuar leyendo \"Compa\u00f1\u00eda\"","og_url":"https:\/\/www.activalia.es\/home\/activuser\/wordpress\/compania\/","og_site_name":"ACTIVALIA","article_modified_time":"2020-03-10T20:06:36+00:00","og_image":[{"url":"https:\/\/www.activalia.es\/home\/activuser\/wordpress\/wp-content\/uploads\/2020\/03\/Logo-Activalia-0607.jpg"}],"twitter_card":"summary_large_image","twitter_misc":{"Tiempo de lectura":"1 minuto"},"schema":{"@context":"https:\/\/schema.org","@graph":[{"@type":"WebPage","@id":"https:\/\/www.activalia.es\/home\/activuser\/wordpress\/compania\/","url":"https:\/\/www.activalia.es\/home\/activuser\/wordpress\/compania\/","name":"Compa\u00f1\u00eda - ACTIVALIA","isPartOf":{"@id":"https:\/\/www.activalia.es\/home\/activuser\/wordpress\/#website"},"datePublished":"2016-04-11T13:45:09+00:00","dateModified":"2020-03-10T20:06:36+00:00","breadcrumb":{"@id":"https:\/\/www.activalia.es\/home\/activuser\/wordpress\/compania\/#breadcrumb"},"inLanguage":"es","potentialAction":[{"@type":"ReadAction","target":["https:\/\/www.activalia.es\/home\/activuser\/wordpress\/compania\/"]}]},{"@type":"BreadcrumbList","@id":"https:\/\/www.activalia.es\/home\/activuser\/wordpress\/compania\/#breadcrumb","itemListElement":[{"@type":"ListItem","position":1,"name":"Portada","item":"https:\/\/www.activalia.es\/home\/activuser\/wordpress\/"},{"@type":"ListItem","position":2,"name":"Compa\u00f1\u00eda"}]},{"@type":"WebSite","@id":"https:\/\/www.activalia.es\/home\/activuser\/wordpress\/#website","url":"https:\/\/www.activalia.es\/home\/activuser\/wordpress\/","name":"ACTIVALIA","description":"Sitio web de Activalia Sistemas de Informaci\u00f3n","potentialAction":[{"@type":"SearchAction","target":{"@type":"EntryPoint","urlTemplate":"https:\/\/www.activalia.es\/home\/activuser\/wordpress\/?s={search_term_string}"},"query-input":"required name=search_term_string"}],"inLanguage":"es"}]}},"jetpack_sharing_enabled":true,"jetpack_shortlink":"https:\/\/wp.me\/P7QtL8-v","_links":{"self":[{"href":"https:\/\/www.activalia.es\/home\/activuser\/wordpress\/wp-json\/wp\/v2\/pages\/31"}],"collection":[{"href":"https:\/\/www.activalia.es\/home\/activuser\/wordpress\/wp-json\/wp\/v2\/pages"}],"about":[{"href":"https:\/\/www.activalia.es\/home\/activuser\/wordpress\/wp-json\/wp\/v2\/types\/page"}],"author":[{"embeddable":true,"href":"https:\/\/www.activalia.es\/home\/activuser\/wordpress\/wp-json\/wp\/v2\/users\/1"}],"replies":[{"embeddable":true,"href":"https:\/\/www.activalia.es\/home\/activuser\/wordpress\/wp-json\/wp\/v2\/comments?post=31"}],"version-history":[{"count":19,"href":"https:\/\/www.activalia.es\/home\/activuser\/wordpress\/wp-json\/wp\/v2\/pages\/31\/revisions"}],"predecessor-version":[{"id":687,"href":"https:\/\/www.activalia.es\/home\/activuser\/wordpress\/wp-json\/wp\/v2\/pages\/31\/revisions\/687"}],"wp:attachment":[{"href":"https:\/\/www.activalia.es\/home\/activuser\/wordpress\/wp-json\/wp\/v2\/media?parent=31"}],"curies":[{"name":"wp","href":"https:\/\/api.w.org\/{rel}","templated":true}]}}